{"id":231,"date":"2023-08-30T09:04:08","date_gmt":"2023-08-30T09:04:08","guid":{"rendered":"http:\/\/confcamp.ase.ro\/2022\/?page_id=231"},"modified":"2023-12-20T04:50:37","modified_gmt":"2023-12-20T04:50:37","slug":"contents","status":"publish","type":"page","link":"https:\/\/confcamp.ase.ro\/2022\/?page_id=231","title":{"rendered":"CONTENTS"},"content":{"rendered":"<div data-colibri-id=\"231-c1\" class=\"style-610 style-local-231-c1 position-relative\">\r\n  <!---->\r\n  <div data-colibri-component=\"section\" data-colibri-id=\"231-c2\" id=\"custom\" class=\"h-section h-section-global-spacing d-flex align-items-lg-center align-items-md-center align-items-center style-611 style-local-231-c2 position-relative\">\r\n    <!---->\r\n    <!---->\r\n    <div class=\"h-section-grid-container h-section-boxed-container\">\r\n      <!---->\r\n      <div data-colibri-id=\"231-c3\" class=\"h-row-container gutters-row-lg-2 gutters-row-md-2 gutters-row-0 gutters-row-v-lg-2 gutters-row-v-md-2 gutters-row-v-2 style-612 style-local-231-c3 position-relative\">\r\n        <!---->\r\n        <div class=\"h-row justify-content-lg-center justify-content-md-center justify-content-center align-items-lg-stretch align-items-md-stretch align-items-stretch gutters-col-lg-2 gutters-col-md-2 gutters-col-0 gutters-col-v-lg-2 gutters-col-v-md-2 gutters-col-v-2\">\r\n          <!---->\r\n          <div class=\"h-column h-column-container d-flex h-col-lg-auto h-col-md-auto h-col-auto style-613-outer style-local-231-c4-outer\">\r\n            <div data-colibri-id=\"231-c4\" class=\"d-flex h-flex-basis h-column__inner h-px-lg-2 h-px-md-2 h-px-2 v-inner-lg-2 v-inner-md-2 v-inner-2 style-613 style-local-231-c4 position-relative\">\r\n              <!---->\r\n              <!---->\r\n              <div class=\"w-100 h-y-container h-column__content h-column__v-align flex-basis-100 align-self-lg-start align-self-md-start align-self-start\">\r\n                <!---->\r\n                <div data-colibri-id=\"231-c5\" class=\"h-text h-text-component style-633 style-local-231-c5 position-relative h-element\">\r\n                  <!---->\r\n                  <!---->\r\n                  <div class=\"\">\r\n                    <p><strong style=\"font-weight: 600;\">Elvira NICA<em>, <\/em>Ioana-Andreea P\u0102DURARIU, Alina VEISA, Georgiana Florina ILIE:&nbsp;<\/strong>\r\n                      <a href=\"http:\/\/confcamp.ase.ro\/2022\/content\/01%20Nica_P%C4%83durariu_Veisa_Ilie.pdf\" target=\"_blank\" rel=\"noreferrer noopener\" style=\"color: rgb(34, 113, 177);\">Increasing the Performance of the Organization through Human Resource Management Improvement Methods<\/a>\r\n                    <\/p>\r\n                    <p><strong style=\"font-weight: 600;\">Alina Georgiana PROFIROIU, Corina-Cristiana NASTAC\u0102:&nbsp;<\/strong>\r\n                      <a href=\"http:\/\/confcamp.ase.ro\/2022\/content\/02%20Profiroiu%20Nastaca.pdf\" target=\"_blank\" rel=\"noreferrer noopener\" style=\"color: rgb(34, 113, 177);\">Leadership Behaviours in Times of Pandemic: An Exploratory Study in the Local Public Administration of Romania<\/a>\r\n                    <\/p>\r\n                    <p><strong style=\"font-weight: 600;\">Ruxandra-Irina POPESCU, Oana-Matilda SABIE, Elena-C\u0103t\u0103lina MAZILU:&nbsp;<\/strong>\r\n                      <a href=\"http:\/\/confcamp.ase.ro\/2022\/content\/03%20Popescu_Sabie_Mazilu.pdf\" target=\"_blank\" rel=\"noreferrer noopener\" style=\"color: rgb(34, 113, 177);\">New Trends in Recruitment Process. What is the Role of Social Networks?<\/a>\r\n                    <\/p>\r\n                    <p><strong style=\"font-weight: 600;\">Ruxandra-Irina POPESCU, Oana-Matilda SABIE, Marian-Iulian TRU\u0218C\u0102:&nbsp;<\/strong>\r\n                      <a href=\"http:\/\/confcamp.ase.ro\/2022\/content\/04%20Popescu_Sabie_Trusca.pdf\" target=\"_blank\" rel=\"noreferrer noopener\" style=\"color: rgb(34, 113, 177);\">Retention and Internal Marketing: An Analysis on the Banking Sector<\/a>\r\n                    <\/p>\r\n                    <p><strong style=\"font-weight: 600;\">Muzaffer AYDEMIR, Margareta-Stela FLORESCU, Sorin BURLACU:&nbsp;<\/strong>\r\n                      <a href=\"http:\/\/confcamp.ase.ro\/2022\/content\/05%20Ayderim_Florescu_Burlacu.pdf\" target=\"_blank\" rel=\"noreferrer noopener\" style=\"color: rgb(34, 113, 177);\">Turkish Business Model: A Research on the Ahi Community&#8217;s Organizational Design During its Foundation and Digital Transformation Paradigms<\/a>\r\n                    <\/p>\r\n                    <p><strong style=\"font-weight: 600;\">Florina BRAN, Radu Alexandru CHIOTAN, Mahomed JARADAT, Corneliu GUTU:&nbsp;<\/strong>\r\n                      <a href=\"http:\/\/confcamp.ase.ro\/2022\/content\/06%20Bran_Chiotan_Jaradat_Gutu.pdf\" target=\"_blank\" rel=\"noreferrer noopener\" style=\"color: rgb(34, 113, 177);\">Analysis of the Concept of Social Responsibility at the Level of Corporations<\/a>\r\n                    <\/p>\r\n                    <p><strong style=\"font-weight: 600;\">Carmen-Valentina R\u0102DULESCU, Svetlana Platagea GOMBOS, Carmen Elena SPIRIDON, Petric\u0103 Sorin ANGHELU\u0162\u0102:&nbsp;<\/strong>\r\n                      <a href=\"http:\/\/confcamp.ase.ro\/2022\/content\/07%20Radulescu_Gombos_Spiridon_Angheluta.pdf\" target=\"_blank\" rel=\"noreferrer noopener\" style=\"color: rgb(34, 113, 177);\">Aspects of the Transition from Education to Work in the European Union<\/a>\r\n                    <\/p>\r\n                    <p><strong style=\"font-weight: 600;\">Anca-Mariana PEGULESCU:&nbsp;<\/strong>\r\n                      <a href=\"http:\/\/confcamp.ase.ro\/2022\/content\/08%20Pegulescu.pdf\" target=\"_blank\" rel=\"noreferrer noopener\" style=\"color: rgb(34, 113, 177);\">Is Digital Transformation Increasing the Romanian Organizational Performance Efficiency?<\/a>\r\n                    <\/p>\r\n                    <p><strong style=\"font-weight: 600;\">Ruxandra-Irina POPESCU, Ovidiu-Iulian BUNEA, Ionela-Giorgiana NEGULESCU:&nbsp;<\/strong>\r\n                      <a href=\"http:\/\/confcamp.ase.ro\/2022\/content\/09%20Popescu_Bunea_Negulescu.pdf\" target=\"_blank\" rel=\"noreferrer noopener\" style=\"font-weight: 400; font-family: &quot;Open Sans&quot;; font-size: 16px; color: rgb(34, 113, 177);\">How the Pandemic Reset the Cultural Landscape: A Rediscovery or a Decline?<\/a>\r\n                    <\/p>\r\n                    <p><strong style=\"font-weight: 600;\">Cristina MANOLE, Ana-M\u0103d\u0103lina B\u00ceGU (POTCOVARU):&nbsp;&nbsp;<\/strong>\r\n                      <a href=\"http:\/\/confcamp.ase.ro\/2022\/content\/10%20Manole_Bigu%20%28Potcovaru%29.pdf\" target=\"_blank\" rel=\"noreferrer noopener\" style=\"color: rgb(34, 113, 177);\">The Relationship between Motivation, Work Engagement and Performance in Public Sector&nbsp;<\/a>\r\n                    <\/p>\r\n                    <p><strong style=\"font-weight: 600;\">\u0218tefan Gabriel BURCEA:&nbsp;<\/strong>\r\n                      <a href=\"http:\/\/confcamp.ase.ro\/2022\/content\/11%20Burcea.pdf\" target=\"_blank\" rel=\"noreferrer noopener\" style=\"color: rgb(34, 113, 177);\">Vulnerable Groups and Quality of Life: Literature Insights for Single Parent Families<\/a>\r\n                    <\/p>\r\n                    <p><strong style=\"font-weight: 600;\">Sorin BURLACU, Florina BRAN, Carol Cristina GOMBOS, Viorel MOCANU:&nbsp;<\/strong>\r\n                      <a href=\"http:\/\/confcamp.ase.ro\/2022\/content\/12%20Burlacu_Bran_Gombos_Mocanu.pdf\" target=\"_blank\" rel=\"noreferrer noopener\" style=\"color: rgb(34, 113, 177);\">Digital Transformation in Public Administration: Paradigms, Specificities and Developments in Romania<\/a>\r\n                    <\/p>\r\n                    <p><strong style=\"font-weight: 600;\">Mihaela P\u0102CE\u0218IL\u0102:&nbsp;<\/strong>\r\n                      <a href=\"http:\/\/confcamp.ase.ro\/2022\/content\/13%20Pacesila.pdf\" target=\"_blank\" rel=\"noreferrer noopener\" style=\"color: rgb(34, 113, 177);\">Motivating Human Resources Working in Student NGOS within Bucharest University of Economic Studies<\/a>\r\n                    <\/p>\r\n                    <p><strong style=\"font-weight: 600;\">Mihaela MELENCIUC, Laura MINA-RAIU, C\u0103t\u0103lin RAIU:&nbsp;<\/strong>\r\n                      <a href=\"http:\/\/confcamp.ase.ro\/2022\/content\/14%20Melenciuc_Mina-Raiu.pdf\" target=\"_blank\" rel=\"noreferrer noopener\" style=\"color: rgb(34, 113, 177);\">Analysis of Romania\u2019s Healthcare Service Quality. Case Study: Colentina Clinical Hospital of Bucharest University of Economic Studies<\/a>&nbsp;<\/p>\r\n                    <p><strong style=\"font-weight: 600;\">Carmen VOINEA:&nbsp;<\/strong>\r\n                      <a href=\"http:\/\/confcamp.ase.ro\/2022\/content\/15%20Voinea.pdf\" target=\"_blank\" rel=\"noreferrer noopener\" style=\"color: rgb(34, 113, 177);\">An Exploratory Research on Participatory Planning, Sociability and the Urban Space in Romania<\/a>\r\n                    <\/p>\r\n                    <p><strong style=\"font-weight: 600;\">Sorin Petric\u0103 ANGHELU\u021a\u0102, Carmen Valentina R\u0102DULESCU, Svetlana Platagea GOMBOS, Ion BADEA:&nbsp;<\/strong>\r\n                      <a href=\"http:\/\/confcamp.ase.ro\/2022\/content\/16%20Angheluta_Radulescu_Gombos_Badea.pdf\" target=\"_blank\" rel=\"noreferrer noopener\" style=\"color: rgb(34, 113, 177);\">Aspects of the Public Administration&#8217;s Contribution to the Economy of European Union Countries<\/a>\r\n                    <\/p>\r\n                    <p><strong style=\"font-weight: 600;\">Ovidiu Andrei Cristian BUZOIANU, Carmen Elena SPIRIDON, Cristina DIMA, Tiberiu Bogdan BARLADEANU, Bogdan ISTRATE:&nbsp;<\/strong>\r\n                      <a href=\"http:\/\/confcamp.ase.ro\/2022\/content\/17%20Buzoianu_Spiridon_Dima_Barladeanu_Istrate.pdf\" target=\"_blank\" rel=\"noreferrer noopener\" style=\"color: rgb(34, 113, 177);\">Sustainability of the Digital Transformation of Public Institutions<\/a>\r\n                    <\/p>\r\n                    <p><strong style=\"font-weight: 600;\">Oana Camelia IACOB (PARGARU), Ana-Maria CALIN, Ion PARGARU,<\/strong>\r\n                      <sup style=\"font-weight: 600;\"><strong> <\/strong><\/sup><strong style=\"font-weight: 600;\">Victor Adrian TROACA, Ovidiu Andrei Cristian BUZOIANU:&nbsp;<\/strong>\r\n                      <a href=\"http:\/\/confcamp.ase.ro\/2022\/content\/18%20Iacob_Calin_Pargaru_Troaca_Buzoianu.pdf\" target=\"_blank\" rel=\"noreferrer noopener\" style=\"color: rgb(34, 113, 177);\">Governance on the Network a Path Oriented to Success<\/a>\r\n                    <\/p>\r\n                    <p><strong style=\"font-weight: 600;\">Alexandra IANCU, Florin V\u0102DUVA:&nbsp;<\/strong>\r\n                      <a href=\"http:\/\/confcamp.ase.ro\/2022\/content\/19%20Iancu_Vaduva.pdf\" target=\"_blank\" rel=\"noreferrer noopener\" style=\"color: rgb(34, 113, 177);\">Using Digital Tools in the Management of Civil Servants.&nbsp;Case Study on the National Agency of Civil Servants Reforms Included in the National Recovery and Resilience Plan<\/a>\r\n                    <\/p>\r\n                    <p><strong style=\"font-weight: 600;\">Dumitru Alexandru BODISLAV, Romeo C\u0103t\u0103lin CRE\u021aU, Raluca Iuliana GEORGESCU, Ana Maria C\u0102LIN, Otilia GANEA:&nbsp;<\/strong>\r\n                      <a href=\"http:\/\/confcamp.ase.ro\/2022\/content\/20%20Bodislav_Cretu_Georgescu_Calin_Ganea.pdf\" target=\"_blank\" rel=\"noreferrer noopener\" style=\"color: rgb(34, 113, 177);\">From Local to Global \u2013 Globalization of Agribusiness<\/a>\r\n                    <\/p>\r\n                    <p><strong style=\"font-weight: 600;\">Ghenadie CIOBANU, Mihaela Diana OANCEA-NEGESCU, Otilia GANEA, Romeo C\u0103t\u0103lin CRE\u021aU, Maria Loredana POPESCU:&nbsp;<\/strong>\r\n                      <a href=\"http:\/\/confcamp.ase.ro\/2022\/content\/21%20Ciobanu_Negescu_Ganea_Cretu_Popescu.pdf\" target=\"_blank\" rel=\"noreferrer noopener\" style=\"color: rgb(34, 113, 177);\">Cross-Border Labor Market from the Perspective of the EU Neighborhood Policy: Case Study Romania Serbia<\/a>\r\n                    <\/p>\r\n                    <p><strong style=\"font-weight: 600;\">Radu Alexandru CHIOTAN, Oana IACOB (P\u00c2RGANU), Sorin BURLACU, Carol Cristina GOMBOS, Raluca Florentina CRE\u021aU:&nbsp;<\/strong>\r\n                      <a href=\"http:\/\/confcamp.ase.ro\/2022\/content\/22%20Chiotan_Iacob_Burlacu_Gombos_Cretu.pdf\" target=\"_blank\" rel=\"noreferrer noopener\" style=\"color: rgb(34, 113, 177);\">The Digital Management of Human Resources: Applications vs Strategies<\/a>\r\n                    <\/p>\r\n                    <p>\r\n                      <br>\r\n                    <\/p>\r\n                  <\/div>\r\n                <\/div>\r\n              <\/div>\r\n            <\/div>\r\n          <\/div>\r\n        <\/div>\r\n      <\/div>\r\n    <\/div>\r\n  <\/div>\r\n  <div data-colibri-component=\"section\" data-colibri-id=\"231-c6\" id=\"custom-2\" class=\"h-section h-section-global-spacing d-flex align-items-lg-center align-items-md-center align-items-center style-622 style-local-231-c6 position-relative\">\r\n    <!---->\r\n    <!---->\r\n    <div class=\"h-section-grid-container h-section-boxed-container\">\r\n      <!---->\r\n      <div data-colibri-id=\"231-c7\" class=\"h-row-container gutters-row-lg-2 gutters-row-md-2 gutters-row-0 gutters-row-v-lg-2 gutters-row-v-md-2 gutters-row-v-2 style-623 style-local-231-c7 position-relative\">\r\n        <!---->\r\n        <div class=\"h-row justify-content-lg-center justify-content-md-center justify-content-center align-items-lg-stretch align-items-md-stretch align-items-stretch gutters-col-lg-2 gutters-col-md-2 gutters-col-0 gutters-col-v-lg-2 gutters-col-v-md-2 gutters-col-v-2\">\r\n          <!---->\r\n          <div class=\"h-column h-column-container d-flex h-col-lg-auto h-col-md-auto h-col-auto style-624-outer style-local-231-c8-outer\">\r\n            <div data-colibri-id=\"231-c8\" class=\"d-flex h-flex-basis h-column__inner h-px-lg-2 h-px-md-2 h-px-2 v-inner-lg-2 v-inner-md-2 v-inner-2 style-624 style-local-231-c8 position-relative\">\r\n              <!---->\r\n              <!---->\r\n              <div class=\"w-100 h-y-container h-column__content h-column__v-align flex-basis-100 align-self-lg-start align-self-md-start align-self-start\">\r\n                <!---->\r\n                <div data-colibri-id=\"231-c9\" class=\"h-text h-text-component style-627 style-local-231-c9 position-relative h-element\">\r\n                  <!---->\r\n                  <!---->\r\n                  <div class=\"\">\r\n                    <p>The responsibility for the articles published belongs to the authors, exclusively.<\/p>\r\n                    <p>THE ARTICLES HAVE BEEN INDEXED IN THE FOLLOWING DATABASES:<\/p>\r\n                  <\/div>\r\n                <\/div>\r\n              <\/div>\r\n            <\/div>\r\n          <\/div>\r\n          <div class=\"h-column h-column-container d-flex h-col-lg-auto h-col-md-auto h-col-auto style-625-outer style-local-231-c10-outer\">\r\n            <div data-colibri-id=\"231-c10\" class=\"d-flex h-flex-basis h-column__inner h-px-lg-2 h-px-md-2 h-px-2 v-inner-lg-2 v-inner-md-2 v-inner-2 style-625 style-local-231-c10 position-relative\">\r\n              <!---->\r\n              <!---->\r\n              <div class=\"w-100 h-y-container h-column__content h-column__v-align flex-basis-100 align-self-lg-start align-self-md-start align-self-start\">\r\n                <!---->\r\n                <div data-colibri-id=\"231-c11\" class=\"d-block style-628 style-local-231-c11 position-relative h-element\">\r\n                  <!---->\r\n                  <div class=\"h-image__frame-container-outer\">\r\n                    <div class=\"h-image__frame-container\">\r\n                      <!---->\r\n                      <!---->\r\n                      <img loading=\"lazy\" decoding=\"async\" width=\"300\" height=\"99\" src=\"http:\/\/confcamp.ase.ro\/2022\/wp-content\/uploads\/cropped-ceeol.png\" class=\"wp-image-567 style-628-image style-local-231-c11-image\" alt=\"\" \/>\r\n                      <div class=\"h-image__frame h-hide-lg h-hide-md h-hide-sm style-628-frameImage style-local-231-c11-frameImage\"><\/div>\r\n                    <\/div>\r\n                  <\/div>\r\n                <\/div>\r\n              <\/div>\r\n            <\/div>\r\n          <\/div>\r\n          <div class=\"h-column h-column-container d-flex h-col-lg-auto h-col-md-auto h-col-auto style-626-outer style-local-231-c12-outer\">\r\n            <div data-colibri-id=\"231-c12\" class=\"d-flex h-flex-basis h-column__inner h-px-lg-2 h-px-md-2 h-px-2 v-inner-lg-2 v-inner-md-2 v-inner-2 style-626 style-local-231-c12 position-relative\">\r\n              <!---->\r\n              <!---->\r\n              <div class=\"w-100 h-y-container h-column__content h-column__v-align flex-basis-100 align-self-lg-start align-self-md-start align-self-start\">\r\n                <!---->\r\n                <div data-colibri-id=\"231-c13\" class=\"d-block style-629 style-local-231-c13 position-relative h-element\">\r\n                  <!---->\r\n                  <div class=\"h-image__frame-container-outer\">\r\n                    <div class=\"h-image__frame-container\">\r\n                      <!---->\r\n                      <!---->\r\n                      <img loading=\"lazy\" decoding=\"async\" width=\"335\" height=\"150\" src=\"http:\/\/confcamp.ase.ro\/2022\/wp-content\/uploads\/cropped-repec.jpg\" class=\"wp-image-570 style-629-image style-local-231-c13-image\" alt=\"\" srcset=\"https:\/\/confcamp.ase.ro\/2022\/wp-content\/uploads\/cropped-repec.jpg 335w, https:\/\/confcamp.ase.ro\/2022\/wp-content\/uploads\/cropped-repec-300x134.jpg 300w\" sizes=\"auto, (max-width: 335px) 100vw, 335px\" \/>\r\n                      <div class=\"h-image__frame h-hide-lg h-hide-md h-hide-sm style-629-frameImage style-local-231-c13-frameImage\"><\/div>\r\n                    <\/div>\r\n                  <\/div>\r\n                <\/div>\r\n              <\/div>\r\n            <\/div>\r\n          <\/div>\r\n        <\/div>\r\n      <\/div>\r\n    <\/div>\r\n  <\/div>\r\n<\/div>","protected":false},"excerpt":{"rendered":"<p>Elvira NICA, Ioana-Andreea P\u0102DURARIU, Alina VEISA, Georgiana Florina ILIE:&nbsp; Increasing the Performance of the Organization through Human Resource Management Improvement Methods Alina Georgiana PROFIROIU, Corina-Cristiana NASTAC\u0102:&nbsp; Leadership Behaviours in Times of Pandemic: An Exploratory Study in the Local Public Administration of Romania Ruxandra-Irina POPESCU, Oana-Matilda SABIE, Elena-C\u0103t\u0103lina MAZILU:&nbsp; New Trends in Recruitment Process. What is [&hellip;]<\/p>\n","protected":false},"author":1,"featured_media":0,"parent":0,"menu_order":0,"comment_status":"closed","ping_status":"closed","template":"page-templates\/full-width-page.php","meta":{"footnotes":""},"class_list":["post-231","page","type-page","status-publish","hentry"],"_links":{"self":[{"href":"https:\/\/confcamp.ase.ro\/2022\/index.php?rest_route=\/wp\/v2\/pages\/231","targetHints":{"allow":["GET"]}}],"collection":[{"href":"https:\/\/confcamp.ase.ro\/2022\/index.php?rest_route=\/wp\/v2\/pages"}],"about":[{"href":"https:\/\/confcamp.ase.ro\/2022\/index.php?rest_route=\/wp\/v2\/types\/page"}],"author":[{"embeddable":true,"href":"https:\/\/confcamp.ase.ro\/2022\/index.php?rest_route=\/wp\/v2\/users\/1"}],"replies":[{"embeddable":true,"href":"https:\/\/confcamp.ase.ro\/2022\/index.php?rest_route=%2Fwp%2Fv2%2Fcomments&post=231"}],"version-history":[{"count":20,"href":"https:\/\/confcamp.ase.ro\/2022\/index.php?rest_route=\/wp\/v2\/pages\/231\/revisions"}],"predecessor-version":[{"id":671,"href":"https:\/\/confcamp.ase.ro\/2022\/index.php?rest_route=\/wp\/v2\/pages\/231\/revisions\/671"}],"wp:attachment":[{"href":"https:\/\/confcamp.ase.ro\/2022\/index.php?rest_route=%2Fwp%2Fv2%2Fmedia&parent=231"}],"curies":[{"name":"wp","href":"https:\/\/api.w.org\/{rel}","templated":true}]}}